{"id":116,"date":"2017-02-07T05:07:49","date_gmt":"2017-02-07T05:07:49","guid":{"rendered":"http:\/\/cadenadebola.com\/?page_id=116"},"modified":"2017-04-06T16:14:50","modified_gmt":"2017-04-06T16:14:50","slug":"cadenas","status":"publish","type":"page","link":"https:\/\/cadenadebola.com\/?page_id=116","title":{"rendered":"CADENAS"},"content":{"rendered":"<h4>\u00a0<img loading=\"lazy\" class=\" wp-image-106 alignleft\" src=\"http:\/\/cadenadebola.com\/wp-content\/uploads\/2017\/02\/20150623_68b-300x450-300x200.jpg\" alt=\"\" width=\"394\" height=\"263\" srcset=\"https:\/\/cadenadebola.com\/wp-content\/uploads\/2017\/02\/20150623_68b-300x450-300x200.jpg 300w, https:\/\/cadenadebola.com\/wp-content\/uploads\/2017\/02\/20150623_68b-300x450.jpg 450w\" sizes=\"(max-width: 394px) 100vw, 394px\" \/><\/h4>\n<address>\u00a0<\/address>\n<address><span style=\"color: #000000;\"><strong>MEDIDAS<\/strong>: 6.5MM (#13), 4.8mm, 4.5mm (#10), 3.2 (#6) Y 2.4mm (#3).<\/span><\/address>\n<address><span style=\"color: #000000;\"><strong>ACABADOS<\/strong>: Acero Niquelado, Acero Pavonado, Acero Latonado, Lat\u00f3n Pulido, Lat\u00f3n Niquelado, Lat\u00f3n Pavonado y Lat\u00f3n Viejo.<\/span><\/address>\n<p>&nbsp;<\/p>\n<p>&nbsp;<\/p>\n<p>&nbsp;<\/p>\n<hr \/>\n<p>&nbsp;<\/p>\n<p><img loading=\"lazy\" class=\"wp-image-107 alignright\" src=\"http:\/\/cadenadebola.com\/wp-content\/uploads\/2017\/02\/20150623_73b-300x450-300x200.jpg\" alt=\"\" width=\"392\" height=\"261\" srcset=\"https:\/\/cadenadebola.com\/wp-content\/uploads\/2017\/02\/20150623_73b-300x450-300x200.jpg 300w, https:\/\/cadenadebola.com\/wp-content\/uploads\/2017\/02\/20150623_73b-300x450.jpg 450w\" sizes=\"(max-width: 392px) 100vw, 392px\" \/><\/p>\n<address>\u00a0<\/address>\n<address>\u00a0<\/address>\n<address><strong><span style=\"color: #000000;\">CADENA FACETADA.<\/span><\/strong><\/address>\n<address><span style=\"color: #000000;\"><strong>MEDIDAS<\/strong>: 4.5mm (#10)<\/span><\/address>\n<address><span style=\"color: #000000;\"><strong>ACABADOS<\/strong>: Acero Niquelado, Acero Pavonado, Acero Latonado, Lat\u00f3n Pulido, Lat\u00f3n Niquelado, Lat\u00f3n Pavonado y Lat\u00f3n Viejo.<\/span><\/address>\n<p>&nbsp;<\/p>\n<p>&nbsp;<\/p>\n<p>&nbsp;<\/p>\n<hr \/>\n<p><img loading=\"lazy\" class=\"wp-image-108 alignleft\" src=\"http:\/\/cadenadebola.com\/wp-content\/uploads\/2017\/02\/20150623_92b300x400-300x200.jpg\" alt=\"\" width=\"413\" height=\"275\" srcset=\"https:\/\/cadenadebola.com\/wp-content\/uploads\/2017\/02\/20150623_92b300x400-300x200.jpg 300w, https:\/\/cadenadebola.com\/wp-content\/uploads\/2017\/02\/20150623_92b300x400.jpg 400w\" sizes=\"(max-width: 413px) 100vw, 413px\" \/><\/p>\n<p>&nbsp;<\/p>\n<address>\u00a0<\/address>\n<address><strong><span style=\"color: #000000;\">CADENA BOLBAR,<\/span><\/strong><\/address>\n<address><span style=\"color: #000000;\"><strong>MEDIDAS:<\/strong> 2.4mm\u00a0<\/span><\/address>\n<address><span style=\"color: #000000;\"><strong>ACABADOS<\/strong>: Acero Niquelado, Acero Pavonado, Acero Latonado, Lat\u00f3n Pulido, Lat\u00f3n Niquelado, Lat\u00f3n Pavonado y Lat\u00f3n Viejo.<\/span><\/address>\n<p>&nbsp;<\/p>\n<p>&nbsp;<\/p>\n<p>&nbsp;<\/p>\n<hr \/>\n<p><img loading=\"lazy\" class=\" wp-image-114 alignright\" src=\"http:\/\/cadenadebola.com\/wp-content\/uploads\/2017\/02\/20150708_4b-300x450-300x200.jpg\" alt=\"\" width=\"435\" height=\"291\" srcset=\"https:\/\/cadenadebola.com\/wp-content\/uploads\/2017\/02\/20150708_4b-300x450-300x200.jpg 300w, https:\/\/cadenadebola.com\/wp-content\/uploads\/2017\/02\/20150708_4b-300x450.jpg 450w\" sizes=\"(max-width: 435px) 100vw, 435px\" \/><\/p>\n<p>&nbsp;<\/p>\n<p>&nbsp;<\/p>\n<address><strong><span style=\"color: #000000;\">CADENA DE COLORES<\/span><\/strong><\/address>\n<address><span style=\"color: #000000;\"><strong>MEDIDAS<\/strong>: 6.5mm, 4.8mm, 4.5mm, 3.2mm Y 2.4mm.<\/span><\/address>\n<address><span style=\"color: #000000;\"><strong>ACABADO:<\/strong> Acero<\/span><\/address>\n","protected":false},"excerpt":{"rendered":"<p>\u00a0 \u00a0 MEDIDAS: 6.5MM (#13), 4.8mm, 4.5mm (#10), 3.2 (#6) Y 2.4mm (#3). ACABADOS: Acero Niquelado, Acero Pavonado, Acero Latonado, Lat\u00f3n Pulido, Lat\u00f3n Niquelado, Lat\u00f3n Pavonado y Lat\u00f3n Viejo. &nbsp; &nbsp; &nbsp; &nbsp; \u00a0 \u00a0 CADENA FACETADA. MEDIDAS: 4.5mm (#10) ACABADOS: Acero Niquelado, Acero Pavonado, Acero Latonado, Lat\u00f3n Pulido, Lat\u00f3n Niquelado, Lat\u00f3n Pavonado y Lat\u00f3n Viejo. &nbsp; &nbsp; &nbsp; &nbsp; <a class=\"read-more\" href=\"https:\/\/cadenadebola.com\/?page_id=116\">Read More<\/a><\/p>\n","protected":false},"author":1,"featured_media":327,"parent":45,"menu_order":1,"comment_status":"closed","ping_status":"closed","template":"","meta":[],"_links":{"self":[{"href":"https:\/\/cadenadebola.com\/index.php?rest_route=\/wp\/v2\/pages\/116"}],"collection":[{"href":"https:\/\/cadenadebola.com\/index.php?rest_route=\/wp\/v2\/pages"}],"about":[{"href":"https:\/\/cadenadebola.com\/index.php?rest_route=\/wp\/v2\/types\/page"}],"author":[{"embeddable":true,"href":"https:\/\/cadenadebola.com\/index.php?rest_route=\/wp\/v2\/users\/1"}],"replies":[{"embeddable":true,"href":"https:\/\/cadenadebola.com\/index.php?rest_route=%2Fwp%2Fv2%2Fcomments&post=116"}],"version-history":[{"count":5,"href":"https:\/\/cadenadebola.com\/index.php?rest_route=\/wp\/v2\/pages\/116\/revisions"}],"predecessor-version":[{"id":357,"href":"https:\/\/cadenadebola.com\/index.php?rest_route=\/wp\/v2\/pages\/116\/revisions\/357"}],"up":[{"embeddable":true,"href":"https:\/\/cadenadebola.com\/index.php?rest_route=\/wp\/v2\/pages\/45"}],"wp:featuredmedia":[{"embeddable":true,"href":"https:\/\/cadenadebola.com\/index.php?rest_route=\/wp\/v2\/media\/327"}],"wp:attachment":[{"href":"https:\/\/cadenadebola.com\/index.php?rest_route=%2Fwp%2Fv2%2Fmedia&parent=116"}],"curies":[{"name":"wp","href":"https:\/\/api.w.org\/{rel}","templated":true}]}}