{"id":122,"date":"2017-02-07T05:27:43","date_gmt":"2017-02-07T05:27:43","guid":{"rendered":"http:\/\/cadenadebola.com\/?page_id=122"},"modified":"2017-04-06T16:17:06","modified_gmt":"2017-04-06T16:17:06","slug":"conectores","status":"publish","type":"page","link":"https:\/\/cadenadebola.com\/?page_id=122","title":{"rendered":"CONECTORES"},"content":{"rendered":"<p>&nbsp;<\/p>\n<p>&nbsp;<\/p>\n<p>&nbsp;<\/p>\n<p><img loading=\"lazy\" class=\"wp-image-126 alignnone\" src=\"http:\/\/cadenadebola.com\/wp-content\/uploads\/2017\/02\/20150729_5b-300x200.jpg\" alt=\"\" width=\"312\" height=\"208\" srcset=\"https:\/\/cadenadebola.com\/wp-content\/uploads\/2017\/02\/20150729_5b-300x200.jpg 300w, https:\/\/cadenadebola.com\/wp-content\/uploads\/2017\/02\/20150729_5b-768x512.jpg 768w, https:\/\/cadenadebola.com\/wp-content\/uploads\/2017\/02\/20150729_5b-1024x683.jpg 1024w\" sizes=\"(max-width: 312px) 100vw, 312px\" \/><\/p>\n<p>&nbsp;<\/p>\n<p style=\"text-align: justify;\"><span style=\"color: #000000;\"><strong>Medidas :<\/strong>\u00a0 \u00a06.5 mm (#13) \u00a0 \u00a0 \u00a04.5 mm (# 10) \u00a0 \u00a03.2mm (#6) \u00a0 2.4 mm (#3).<\/span><\/p>\n<p style=\"text-align: justify;\"><strong>Acabados<\/strong>: \u00a0 \u00a0Acero Niquelado, Acero Pavonado, Acero Latonado, Lat\u00f3n Pulido, Lat\u00f3n Niquelado, Lat\u00f3n Pavonado y Lat\u00f3n Viejo.<\/p>\n<p style=\"text-align: justify;\"><img loading=\"lazy\" class=\"wp-image-127 alignnone\" src=\"http:\/\/cadenadebola.com\/wp-content\/uploads\/2017\/02\/20150623_172b-300x450-300x200.jpg\" alt=\"\" width=\"306\" height=\"204\" srcset=\"https:\/\/cadenadebola.com\/wp-content\/uploads\/2017\/02\/20150623_172b-300x450-300x200.jpg 300w, https:\/\/cadenadebola.com\/wp-content\/uploads\/2017\/02\/20150623_172b-300x450.jpg 450w\" sizes=\"(max-width: 306px) 100vw, 306px\" \/><img loading=\"lazy\" class=\"wp-image-128 alignright\" src=\"http:\/\/cadenadebola.com\/wp-content\/uploads\/2017\/02\/10_10b-300x200.jpg\" alt=\"\" width=\"311\" height=\"207\" srcset=\"https:\/\/cadenadebola.com\/wp-content\/uploads\/2017\/02\/10_10b-300x200.jpg 300w, https:\/\/cadenadebola.com\/wp-content\/uploads\/2017\/02\/10_10b-768x512.jpg 768w, https:\/\/cadenadebola.com\/wp-content\/uploads\/2017\/02\/10_10b-1024x683.jpg 1024w\" sizes=\"(max-width: 311px) 100vw, 311px\" \/><\/p>\n<p style=\"text-align: justify;\">\n","protected":false},"excerpt":{"rendered":"<p>&nbsp; &nbsp; &nbsp; &nbsp; Medidas :\u00a0 \u00a06.5 mm (#13) \u00a0 \u00a0 \u00a04.5 mm (# 10) \u00a0 \u00a03.2mm (#6) \u00a0 2.4 mm (#3). Acabados: \u00a0 \u00a0Acero Niquelado, Acero Pavonado, Acero Latonado, Lat\u00f3n Pulido, Lat\u00f3n Niquelado, Lat\u00f3n Pavonado y Lat\u00f3n Viejo.<\/p>\n","protected":false},"author":1,"featured_media":133,"parent":45,"menu_order":2,"comment_status":"closed","ping_status":"closed","template":"","meta":[],"_links":{"self":[{"href":"https:\/\/cadenadebola.com\/index.php?rest_route=\/wp\/v2\/pages\/122"}],"collection":[{"href":"https:\/\/cadenadebola.com\/index.php?rest_route=\/wp\/v2\/pages"}],"about":[{"href":"https:\/\/cadenadebola.com\/index.php?rest_route=\/wp\/v2\/types\/page"}],"author":[{"embeddable":true,"href":"https:\/\/cadenadebola.com\/index.php?rest_route=\/wp\/v2\/users\/1"}],"replies":[{"embeddable":true,"href":"https:\/\/cadenadebola.com\/index.php?rest_route=%2Fwp%2Fv2%2Fcomments&post=122"}],"version-history":[{"count":18,"href":"https:\/\/cadenadebola.com\/index.php?rest_route=\/wp\/v2\/pages\/122\/revisions"}],"predecessor-version":[{"id":347,"href":"https:\/\/cadenadebola.com\/index.php?rest_route=\/wp\/v2\/pages\/122\/revisions\/347"}],"up":[{"embeddable":true,"href":"https:\/\/cadenadebola.com\/index.php?rest_route=\/wp\/v2\/pages\/45"}],"wp:featuredmedia":[{"embeddable":true,"href":"https:\/\/cadenadebola.com\/index.php?rest_route=\/wp\/v2\/media\/133"}],"wp:attachment":[{"href":"https:\/\/cadenadebola.com\/index.php?rest_route=%2Fwp%2Fv2%2Fmedia&parent=122"}],"curies":[{"name":"wp","href":"https:\/\/api.w.org\/{rel}","templated":true}]}}