{"id":205,"date":"2017-03-01T20:46:57","date_gmt":"2017-03-01T20:46:57","guid":{"rendered":"http:\/\/cadenadebola.com\/?page_id=205"},"modified":"2017-04-06T16:21:10","modified_gmt":"2017-04-06T16:21:10","slug":"bolas","status":"publish","type":"page","link":"https:\/\/cadenadebola.com\/?page_id=205","title":{"rendered":"BOLA SUELTA"},"content":{"rendered":"<p><img loading=\"lazy\" class=\"wp-image-129 alignright\" src=\"http:\/\/cadenadebola.com\/wp-content\/uploads\/2017\/02\/bolasuelta1-300x200.jpg\" alt=\"\" width=\"402\" height=\"268\" srcset=\"https:\/\/cadenadebola.com\/wp-content\/uploads\/2017\/02\/bolasuelta1-300x200.jpg 300w, https:\/\/cadenadebola.com\/wp-content\/uploads\/2017\/02\/bolasuelta1.jpg 450w\" sizes=\"(max-width: 402px) 100vw, 402px\" \/><\/p>\n<p><img loading=\"lazy\" class=\"size-medium wp-image-208 alignleft\" src=\"http:\/\/cadenadebola.com\/wp-content\/uploads\/2017\/03\/bola-abierta-para-chafa-4-mm-10-ud-300x300.jpg\" alt=\"\" width=\"300\" height=\"300\" srcset=\"https:\/\/cadenadebola.com\/wp-content\/uploads\/2017\/03\/bola-abierta-para-chafa-4-mm-10-ud-300x300.jpg 300w, https:\/\/cadenadebola.com\/wp-content\/uploads\/2017\/03\/bola-abierta-para-chafa-4-mm-10-ud-150x150.jpg 150w, https:\/\/cadenadebola.com\/wp-content\/uploads\/2017\/03\/bola-abierta-para-chafa-4-mm-10-ud.jpg 700w\" sizes=\"(max-width: 300px) 100vw, 300px\" \/><\/p>\n<p>&nbsp;<\/p>\n<p>&nbsp;<\/p>\n<p>&nbsp;<\/p>\n<p>&nbsp;<\/p>\n<p>&nbsp;<\/p>\n<p>&nbsp;<\/p>\n<p>&nbsp;<\/p>\n<p>&nbsp;<\/p>\n<p>&nbsp;<\/p>\n<p><span style=\"color: #000000;\"><strong>BOLA ABIERTA<\/strong><\/span><\/p>\n<p><span style=\"color: #000000;\"><strong>Medidas:<\/strong> \u00a0 \u00a08.0mm \u00a0(#15) \u00a0 \u00a0 6.5 mm (#13) \u00a0 4.5mm (#10) \u00a0 3.8mm<\/span><\/p>\n<p><span style=\"color: #000000;\"><strong>Acabados<\/strong>: \u00a0 \u00a0 Acero Niquelado, Acero Pavonado, Acero Latonado, Lat\u00f3n Pulido.<\/span><\/p>\n<p>&nbsp;<\/p>\n<p>&nbsp;<\/p>\n<hr \/>\n<p>&nbsp;<\/p>\n<p>&nbsp;<\/p>\n<p><img loading=\"lazy\" class=\"alignnone wp-image-130\" src=\"http:\/\/cadenadebola.com\/wp-content\/uploads\/2017\/02\/bolasuelta2-300x200.jpg\" alt=\"\" width=\"359\" height=\"239\" srcset=\"https:\/\/cadenadebola.com\/wp-content\/uploads\/2017\/02\/bolasuelta2-300x200.jpg 300w, https:\/\/cadenadebola.com\/wp-content\/uploads\/2017\/02\/bolasuelta2.jpg 450w\" sizes=\"(max-width: 359px) 100vw, 359px\" \/>\u00a0 \u00a0<img loading=\"lazy\" class=\"wp-image-209 alignright\" src=\"http:\/\/cadenadebola.com\/wp-content\/uploads\/2017\/03\/SKU158848_1-300x300.jpg\" alt=\"\" width=\"356\" height=\"356\" srcset=\"https:\/\/cadenadebola.com\/wp-content\/uploads\/2017\/03\/SKU158848_1-300x300.jpg 300w, https:\/\/cadenadebola.com\/wp-content\/uploads\/2017\/03\/SKU158848_1-150x150.jpg 150w, https:\/\/cadenadebola.com\/wp-content\/uploads\/2017\/03\/SKU158848_1.jpg 600w\" sizes=\"(max-width: 356px) 100vw, 356px\" \/><\/p>\n<p>&nbsp;<\/p>\n<p>&nbsp;<\/p>\n<p><strong>BOLA SUELTA<\/strong><\/p>\n<p><span style=\"color: #000000;\"><strong>Medidas:<\/strong> \u00a0 \u00a08.0mm \u00a0(#15) \u00a0 \u00a0 6.5 mm (#13) \u00a0 4.5mm (#10) \u00a0 3.2mm(#6) y 2.4mm(#3)<\/span><\/p>\n<p><span style=\"color: #000000;\"><strong>Acabados<\/strong>: \u00a0 \u00a0 Acero Niquelado, Acero Pavonado, Acero Latonado, Lat\u00f3n Pulido, Lat\u00f3n Niquelado, Lat\u00f3n Pavonado y Lat\u00f3n Viejo.<\/span><\/p>\n","protected":false},"excerpt":{"rendered":"<p>&nbsp; &nbsp; &nbsp; &nbsp; &nbsp; &nbsp; &nbsp; &nbsp; &nbsp; BOLA ABIERTA Medidas: \u00a0 \u00a08.0mm \u00a0(#15) \u00a0 \u00a0 6.5 mm (#13) \u00a0 4.5mm (#10) \u00a0 3.8mm Acabados: \u00a0 \u00a0 Acero Niquelado, Acero Pavonado, Acero Latonado, Lat\u00f3n Pulido. &nbsp; &nbsp; &nbsp; &nbsp; \u00a0 \u00a0 &nbsp; &nbsp; BOLA SUELTA Medidas: \u00a0 \u00a08.0mm \u00a0(#15) \u00a0 \u00a0 6.5 mm (#13) \u00a0 4.5mm (#10) \u00a0 3.2mm(#6) <a class=\"read-more\" href=\"https:\/\/cadenadebola.com\/?page_id=205\">Read More<\/a><\/p>\n","protected":false},"author":1,"featured_media":359,"parent":45,"menu_order":3,"comment_status":"closed","ping_status":"closed","template":"","meta":[],"_links":{"self":[{"href":"https:\/\/cadenadebola.com\/index.php?rest_route=\/wp\/v2\/pages\/205"}],"collection":[{"href":"https:\/\/cadenadebola.com\/index.php?rest_route=\/wp\/v2\/pages"}],"about":[{"href":"https:\/\/cadenadebola.com\/index.php?rest_route=\/wp\/v2\/types\/page"}],"author":[{"embeddable":true,"href":"https:\/\/cadenadebola.com\/index.php?rest_route=\/wp\/v2\/users\/1"}],"replies":[{"embeddable":true,"href":"https:\/\/cadenadebola.com\/index.php?rest_route=%2Fwp%2Fv2%2Fcomments&post=205"}],"version-history":[{"count":5,"href":"https:\/\/cadenadebola.com\/index.php?rest_route=\/wp\/v2\/pages\/205\/revisions"}],"predecessor-version":[{"id":310,"href":"https:\/\/cadenadebola.com\/index.php?rest_route=\/wp\/v2\/pages\/205\/revisions\/310"}],"up":[{"embeddable":true,"href":"https:\/\/cadenadebola.com\/index.php?rest_route=\/wp\/v2\/pages\/45"}],"wp:featuredmedia":[{"embeddable":true,"href":"https:\/\/cadenadebola.com\/index.php?rest_route=\/wp\/v2\/media\/359"}],"wp:attachment":[{"href":"https:\/\/cadenadebola.com\/index.php?rest_route=%2Fwp%2Fv2%2Fmedia&parent=205"}],"curies":[{"name":"wp","href":"https:\/\/api.w.org\/{rel}","templated":true}]}}