{"id":43,"date":"2017-02-06T08:55:37","date_gmt":"2017-02-06T08:55:37","guid":{"rendered":"http:\/\/cadenadebola.com\/?page_id=43"},"modified":"2018-02-21T06:05:16","modified_gmt":"2018-02-21T06:05:16","slug":"quienes-somos","status":"publish","type":"page","link":"https:\/\/cadenadebola.com\/?page_id=43","title":{"rendered":"\u00bfQUI\u00c9NES SOMOS?"},"content":{"rendered":"<p style=\"text-align: justify;\"><span style=\"color: #000000;\">Empresa 100% mexicana dedicada a la fabricaci\u00f3n de cadenas de bola met\u00e1licas, bola suelta y accesorios, en diferentes medidas y acabados. La cadena de bola, la cual por sus caracter\u00edsticas de fabricaci\u00f3n la convierte en un elemento vers\u00e1til para casi cualquier uso que tenga que ver con la fijaci\u00f3n de elementos. Esta cadena tiene la caracter\u00edstica de poder rotar en forma axial, lo cual no pueden hacer otro tipo de cadenas, adem\u00e1s de ser muy ligera por sus estructura a base de esferas huecas.<\/span><\/p>\n<p style=\"text-align: justify;\"><span style=\"color: #000000;\">Por su forma sim\u00e9trica es un elemento excelente para mecanismos de<span class=\"text_exposed_show\"> transmisi\u00f3n de movimiento de bajo troque, pues las esferas tienden a auto alinearse de forma natural y sencilla dentro de los espacios de las transmisiones. Los usos de nuestras cadenas dependen de la creatividad de quien las utiliza. Ah\u00ed donde se necesite fijar, colgar, mover, agrupar, identificar, decorar, destacar, dividir y cualquier otra acci\u00f3n que usted piense, ah\u00ed estamos presentes con una cadena para cada necesidad.<\/span><\/span><\/p>\n<h3 style=\"text-align: justify;\"><span style=\"color: #993300;\"><strong>\u00a1Cuidamos el detalle y el encanto desde 1954!<\/strong><\/span><\/h3>\n<p>&nbsp;<\/p>\n<p>&nbsp;<\/p>\n<p>&nbsp;<\/p>\n<h3 style=\"text-align: center;\"><strong><span style=\"color: #000000;\">MISI\u00d3N<\/span><\/strong><\/h3>\n<h5 style=\"text-align: justify;\"><span style=\"font-weight: 400; color: #000000;\">Empresa mexicana dedicada a la fabricaci\u00f3n de cadena de bola, bola suelta y accesorios, en diferentes metales y acabados, para satisfacer las necesidades de los clientes, apoy\u00e1ndonos en la excelencia de nuestra gente, productos y tecnolog\u00eda.<\/span><\/h5>\n<p>&nbsp;<\/p>\n<p>&nbsp;<\/p>\n<h3 style=\"text-align: center;\"><strong><span style=\"color: #000000;\">VISI\u00d3N<\/span><\/strong><\/h3>\n<h5 style=\"text-align: justify;\"><span style=\"font-weight: 400; color: #000000;\">Mantener el liderazgo nacional mediante la consolidaci\u00f3n de una organizaci\u00f3n orientada al servicio y la competencia.<\/span><\/h5>\n<h5 style=\"text-align: justify;\"><span style=\"font-weight: 400; color: #000000;\">Llegar a ser un referente internacional de CALIDAD y servicio al cliente. Crecer de manera significativa hacia mercados internacionales siempre de la mano de nuestros empleados, que son la base fundamental de la empresa<\/span><\/h5>\n<p>&nbsp;<\/p>\n<h3 style=\"text-align: center;\"><strong><span style=\"color: #000000;\">VALORES<\/span><\/strong><\/h3>\n<ul>\n<li><span style=\"color: #000000;\"><b>Disciplina<\/b><\/span><\/li>\n<li><span style=\"color: #000000;\"><b>Pro actividad<\/b><\/span><\/li>\n<li><span style=\"color: #000000;\"><strong>Honestidad<\/strong><\/span><\/li>\n<li><strong><span style=\"color: #000000;\">Perseverancia<\/span><\/strong><\/li>\n<li><strong><span style=\"color: #000000;\">Responsabilidad<\/span><\/strong><\/li>\n<\/ul>\n<p>&nbsp;<\/p>\n<h2><strong><span style=\"color: #993300;\">SOCIOS Y MARCAS<\/span><\/strong><\/h2>\n<h5 style=\"text-align: justify;\">Actualmente somos la \u00fanica Empresa en M\u00e9xico, que produce cadena totalmente de acero, con \u00a0calidad competitiva a nivel mundial.<\/h5>\n<h5 style=\"text-align: justify;\">Nuestro proceso y la maquinaria utilizada en el mismo, se ha desarrollado dentro de nuestras instalaciones, apoyados en la experiencia de varias d\u00e9cadas, inmersos en un mercado que demanda novedad y variedad de productos.<\/h5>\n<h5 style=\"text-align: justify;\"><\/h5>\n<h5><img loading=\"lazy\" class=\"size-medium wp-image-278 alignleft\" src=\"http:\/\/cadenadebola.com\/wp-content\/uploads\/2017\/03\/SOCIO_MARCA1-246x300.jpg\" alt=\"\" width=\"246\" height=\"300\" srcset=\"https:\/\/cadenadebola.com\/wp-content\/uploads\/2017\/03\/SOCIO_MARCA1-246x300.jpg 246w, https:\/\/cadenadebola.com\/wp-content\/uploads\/2017\/03\/SOCIO_MARCA1.jpg 400w\" sizes=\"(max-width: 246px) 100vw, 246px\" \/> <img loading=\"lazy\" class=\"size-medium wp-image-279 alignleft\" src=\"http:\/\/cadenadebola.com\/wp-content\/uploads\/2017\/03\/SOCIO_MARCA2-234x300.jpg\" alt=\"\" width=\"234\" height=\"300\" srcset=\"https:\/\/cadenadebola.com\/wp-content\/uploads\/2017\/03\/SOCIO_MARCA2-234x300.jpg 234w, https:\/\/cadenadebola.com\/wp-content\/uploads\/2017\/03\/SOCIO_MARCA2.jpg 468w\" sizes=\"(max-width: 234px) 100vw, 234px\" \/><\/h5>\n<p>&nbsp;<\/p>\n<p>&nbsp;<\/p>\n<h3 style=\"text-align: center;\"><\/h3>\n<p>&nbsp;<\/p>\n<p>&nbsp;<\/p>\n<p>&nbsp;<\/p>\n<p>&nbsp;<\/p>\n","protected":false},"excerpt":{"rendered":"<p>Empresa 100% mexicana dedicada a la fabricaci\u00f3n de cadenas de bola met\u00e1licas, bola suelta y accesorios, en diferentes medidas y acabados. La cadena de bola, la cual por sus caracter\u00edsticas de fabricaci\u00f3n la convierte en un elemento vers\u00e1til para casi cualquier uso que tenga que ver con la fijaci\u00f3n de elementos. Esta cadena tiene la caracter\u00edstica de poder rotar en <a class=\"read-more\" href=\"https:\/\/cadenadebola.com\/?page_id=43\">Read More<\/a><\/p>\n","protected":false},"author":1,"featured_media":124,"parent":0,"menu_order":1,"comment_status":"closed","ping_status":"closed","template":"","meta":[],"_links":{"self":[{"href":"https:\/\/cadenadebola.com\/index.php?rest_route=\/wp\/v2\/pages\/43"}],"collection":[{"href":"https:\/\/cadenadebola.com\/index.php?rest_route=\/wp\/v2\/pages"}],"about":[{"href":"https:\/\/cadenadebola.com\/index.php?rest_route=\/wp\/v2\/types\/page"}],"author":[{"embeddable":true,"href":"https:\/\/cadenadebola.com\/index.php?rest_route=\/wp\/v2\/users\/1"}],"replies":[{"embeddable":true,"href":"https:\/\/cadenadebola.com\/index.php?rest_route=%2Fwp%2Fv2%2Fcomments&post=43"}],"version-history":[{"count":13,"href":"https:\/\/cadenadebola.com\/index.php?rest_route=\/wp\/v2\/pages\/43\/revisions"}],"predecessor-version":[{"id":77,"href":"https:\/\/cadenadebola.com\/index.php?rest_route=\/wp\/v2\/pages\/43\/revisions\/77"}],"wp:featuredmedia":[{"embeddable":true,"href":"https:\/\/cadenadebola.com\/index.php?rest_route=\/wp\/v2\/media\/124"}],"wp:attachment":[{"href":"https:\/\/cadenadebola.com\/index.php?rest_route=%2Fwp%2Fv2%2Fmedia&parent=43"}],"curies":[{"name":"wp","href":"https:\/\/api.w.org\/{rel}","templated":true}]}}