{"id":45,"date":"2017-02-06T08:59:40","date_gmt":"2017-02-06T08:59:40","guid":{"rendered":"http:\/\/cadenadebola.com\/?page_id=45"},"modified":"2018-02-23T12:06:12","modified_gmt":"2018-02-23T12:06:12","slug":"catalogo-de-productos","status":"publish","type":"page","link":"https:\/\/cadenadebola.com\/?page_id=45","title":{"rendered":"CAT\u00c1LOGO DE PRODUCTOS"},"content":{"rendered":"<p><strong>\u00a0<\/strong><\/p>\n<p><strong>Fabricamos e<\/strong><b>xclusivamente:<\/b><\/p>\n<ul>\n<li>Cadena met\u00e1lica en acero, lat\u00f3n o plata.<\/li>\n<li>Terminales.<\/li>\n<li>Accesorios para persianas y cortinas.<\/li>\n<li>Bola suelta para Bisuter\u00eda y Joyer\u00eda.<\/li>\n<li>Piezas especiales para Aplicaciones de nuestros clientes.<\/li>\n<\/ul>\n<p style=\"text-align: justify;\">Tenemos diferentes terminados qu\u00edmicos, electroqu\u00edmicos, pulidos y pintado electropl\u00e1stico, que se aplican a nuestros productos para cubrir una amplia gama de necesidades.<\/p>\n<hr \/>\n","protected":false},"excerpt":{"rendered":"<p>\u00a0 Fabricamos exclusivamente: Cadena met\u00e1lica en acero, lat\u00f3n o plata. Terminales. Accesorios para persianas y cortinas. Bola suelta para Bisuter\u00eda y Joyer\u00eda. Piezas especiales para Aplicaciones de nuestros clientes. Tenemos diferentes terminados qu\u00edmicos, electroqu\u00edmicos, pulidos y pintado electropl\u00e1stico, que se aplican a nuestros productos para cubrir una amplia gama de necesidades.<\/p>\n","protected":false},"author":1,"featured_media":274,"parent":0,"menu_order":1,"comment_status":"closed","ping_status":"closed","template":"","meta":[],"_links":{"self":[{"href":"https:\/\/cadenadebola.com\/index.php?rest_route=\/wp\/v2\/pages\/45"}],"collection":[{"href":"https:\/\/cadenadebola.com\/index.php?rest_route=\/wp\/v2\/pages"}],"about":[{"href":"https:\/\/cadenadebola.com\/index.php?rest_route=\/wp\/v2\/types\/page"}],"author":[{"embeddable":true,"href":"https:\/\/cadenadebola.com\/index.php?rest_route=\/wp\/v2\/users\/1"}],"replies":[{"embeddable":true,"href":"https:\/\/cadenadebola.com\/index.php?rest_route=%2Fwp%2Fv2%2Fcomments&post=45"}],"version-history":[{"count":15,"href":"https:\/\/cadenadebola.com\/index.php?rest_route=\/wp\/v2\/pages\/45\/revisions"}],"predecessor-version":[{"id":514,"href":"https:\/\/cadenadebola.com\/index.php?rest_route=\/wp\/v2\/pages\/45\/revisions\/514"}],"wp:featuredmedia":[{"embeddable":true,"href":"https:\/\/cadenadebola.com\/index.php?rest_route=\/wp\/v2\/media\/274"}],"wp:attachment":[{"href":"https:\/\/cadenadebola.com\/index.php?rest_route=%2Fwp%2Fv2%2Fmedia&parent=45"}],"curies":[{"name":"wp","href":"https:\/\/api.w.org\/{rel}","templated":true}]}}